{"id":368,"date":"2021-04-17T19:23:39","date_gmt":"2021-04-17T16:23:39","guid":{"rendered":"http:\/\/butunbilisim.com\/?page_id=368"},"modified":"2024-05-13T00:42:25","modified_gmt":"2024-05-12T21:42:25","slug":"calismalarimiz","status":"publish","type":"page","link":"https:\/\/butunbilisim.com\/?page_id=368","title":{"rendered":"\u00c7al\u0131\u015fmalar\u0131m\u0131z"},"content":{"rendered":"<p><img loading=\"lazy\" decoding=\"async\" width=\"380\" height=\"206\" src=\"https:\/\/butunbilisim.com\/wp-content\/uploads\/2023\/12\/9.jpg\" alt=\"\" srcset=\"https:\/\/butunbilisim.com\/wp-content\/uploads\/2023\/12\/9.jpg 380w, https:\/\/butunbilisim.com\/wp-content\/uploads\/2023\/12\/9-300x163.jpg 300w\" sizes=\"(max-width: 380px) 100vw, 380px\" \/><br \/>\n\t\t\t\t\t\t\t\t\t\t\t\t\t<img loading=\"lazy\" decoding=\"async\" width=\"380\" height=\"206\" src=\"https:\/\/butunbilisim.com\/wp-content\/uploads\/2023\/12\/1.jpg\" alt=\"\" srcset=\"https:\/\/butunbilisim.com\/wp-content\/uploads\/2023\/12\/1.jpg 380w, https:\/\/butunbilisim.com\/wp-content\/uploads\/2023\/12\/1-300x163.jpg 300w\" sizes=\"(max-width: 380px) 100vw, 380px\" \/><br \/>\n\t\t\t\t\t\t\t\t\t\t\t\t\t<img loading=\"lazy\" decoding=\"async\" width=\"450\" height=\"300\" src=\"https:\/\/butunbilisim.com\/wp-content\/uploads\/2021\/04\/1-1.jpg\" alt=\"\" srcset=\"https:\/\/butunbilisim.com\/wp-content\/uploads\/2021\/04\/1-1.jpg 450w, https:\/\/butunbilisim.com\/wp-content\/uploads\/2021\/04\/1-1-300x200.jpg 300w\" sizes=\"(max-width: 450px) 100vw, 450px\" \/><br \/>\n\t\t\t\t\t\t\t\t\t\t\t\t\t<img loading=\"lazy\" decoding=\"async\" width=\"512\" height=\"405\" src=\"https:\/\/butunbilisim.com\/wp-content\/uploads\/2021\/04\/1.jpg\" alt=\"\" srcset=\"https:\/\/butunbilisim.com\/wp-content\/uploads\/2021\/04\/1.jpg 512w, https:\/\/butunbilisim.com\/wp-content\/uploads\/2021\/04\/1-300x237.jpg 300w\" sizes=\"(max-width: 512px) 100vw, 512px\" \/><br \/>\n\t\t\t\t\t\t\t\t\t\t\t\t\t<img loading=\"lazy\" decoding=\"async\" width=\"259\" height=\"194\" src=\"https:\/\/butunbilisim.com\/wp-content\/uploads\/2021\/04\/4.jpg\" alt=\"\" \/><br \/>\n\t\t\t\t\t\t\t\t\t\t\t\t\t<img loading=\"lazy\" decoding=\"async\" width=\"800\" height=\"800\" src=\"https:\/\/butunbilisim.com\/wp-content\/uploads\/2021\/04\/Rack-Server.jpg\" alt=\"\" srcset=\"https:\/\/butunbilisim.com\/wp-content\/uploads\/2021\/04\/Rack-Server.jpg 800w, https:\/\/butunbilisim.com\/wp-content\/uploads\/2021\/04\/Rack-Server-300x300.jpg 300w, https:\/\/butunbilisim.com\/wp-content\/uploads\/2021\/04\/Rack-Server-150x150.jpg 150w, https:\/\/butunbilisim.com\/wp-content\/uploads\/2021\/04\/Rack-Server-768x768.jpg 768w, https:\/\/butunbilisim.com\/wp-content\/uploads\/2021\/04\/Rack-Server-500x500.jpg 500w, https:\/\/butunbilisim.com\/wp-content\/uploads\/2021\/04\/Rack-Server-555x555.jpg 555w, https:\/\/butunbilisim.com\/wp-content\/uploads\/2021\/04\/Rack-Server-160x160.jpg 160w\" sizes=\"(max-width: 800px) 100vw, 800px\" \/><br \/>\n\t\t\t\t\t\t\t\t\t\t\t\t\t<img loading=\"lazy\" decoding=\"async\" width=\"480\" height=\"640\" src=\"https:\/\/butunbilisim.com\/wp-content\/uploads\/2021\/04\/2-1.jpg\" alt=\"\" srcset=\"https:\/\/butunbilisim.com\/wp-content\/uploads\/2021\/04\/2-1.jpg 480w, https:\/\/butunbilisim.com\/wp-content\/uploads\/2021\/04\/2-1-225x300.jpg 225w\" sizes=\"(max-width: 480px) 100vw, 480px\" \/><\/p>\n","protected":false},"excerpt":{"rendered":"","protected":false},"author":1,"featured_media":0,"parent":0,"menu_order":0,"comment_status":"closed","ping_status":"closed","template":"","meta":{"saved_in_kubio":false,"footnotes":""},"class_list":["post-368","page","type-page","status-publish","hentry"],"kubio_ai_page_context":{"short_desc":"","purpose":"general"},"_links":{"self":[{"href":"https:\/\/butunbilisim.com\/index.php?rest_route=\/wp\/v2\/pages\/368","targetHints":{"allow":["GET"]}}],"collection":[{"href":"https:\/\/butunbilisim.com\/index.php?rest_route=\/wp\/v2\/pages"}],"about":[{"href":"https:\/\/butunbilisim.com\/index.php?rest_route=\/wp\/v2\/types\/page"}],"author":[{"embeddable":true,"href":"https:\/\/butunbilisim.com\/index.php?rest_route=\/wp\/v2\/users\/1"}],"replies":[{"embeddable":true,"href":"https:\/\/butunbilisim.com\/index.php?rest_route=%2Fwp%2Fv2%2Fcomments&post=368"}],"version-history":[{"count":25,"href":"https:\/\/butunbilisim.com\/index.php?rest_route=\/wp\/v2\/pages\/368\/revisions"}],"predecessor-version":[{"id":965,"href":"https:\/\/butunbilisim.com\/index.php?rest_route=\/wp\/v2\/pages\/368\/revisions\/965"}],"wp:attachment":[{"href":"https:\/\/butunbilisim.com\/index.php?rest_route=%2Fwp%2Fv2%2Fmedia&parent=368"}],"curies":[{"name":"wp","href":"https:\/\/api.w.org\/{rel}","templated":true}]}}