{"id":924,"date":"2024-04-28T22:38:36","date_gmt":"2024-04-28T19:38:36","guid":{"rendered":"https:\/\/butunbilisim.com\/?page_id=924"},"modified":"2024-05-13T01:15:40","modified_gmt":"2024-05-12T22:15:40","slug":"hakkimizda","status":"publish","type":"page","link":"https:\/\/butunbilisim.com\/?page_id=924","title":{"rendered":"Hakk\u0131m\u0131zda"},"content":{"rendered":"<p><strong><strong><\/strong><\/strong><\/p>\n<p class=\"wp-elements-bf6f3af2ded6035f6d4c322c537611f0\">B\u00fct\u00fcn Bili\u015fim Teknolojileri, g\u00fcn\u00fcm\u00fcz teknolojisi ile uyumlu kendisini s\u00fcrekli yenileyerek m\u00fc\u015fterilerine en g\u00fcncel yaz\u0131l\u0131m ve donan\u0131m bilgisi sunarak, m\u00fc\u015fteri memnuniyetini ve g\u00fcvenini sa\u011flamak i\u00e7in \u00e7al\u0131\u015fmalara devam etmektedir. Ba\u015far\u0131m\u0131z\u0131n s\u0131rr\u0131 referanslar\u0131m\u0131zd\u0131r. T\u00fcm hizmetlerinin tasar\u0131m a\u015famas\u0131nda ve tasar\u0131m\u0131ndan sonraki t\u00fcm sorumluluklar\u0131n\u0131 i\u00e7eren s\u00f6zle\u015fmesini m\u00fc\u015fterisi ile kar\u015f\u0131l\u0131kl\u0131 imzalayarak ileride olu\u015fabilecek t\u00fcm ihtilaf ve anla\u015fmazl\u0131klar\u0131 \u00f6nleyerek m\u00fc\u015fterinin alaca\u011f\u0131 hizmetten emin olmas\u0131n\u0131 sa\u011flar. G\u00fcn\u00fcm\u00fcz ve gelece\u011fin de\u011fi\u015fen ko\u015fullar\u0131n\u0131 ve sekt\u00f6r anlay\u0131\u015f\u0131n\u0131 takip ederek, g\u00fcvenilirlik ve kaliteden \u00f6d\u00fcn vermeden m\u00fc\u015fteri memnuniyeti odakl\u0131 geni\u015f bir portf\u00f6ye hizmet sunar.<\/p>\n<p><strong><strong><\/strong><\/strong><\/p>\n<figure><img decoding=\"async\" style=\"width: 837px; height: auto;\" src=\"https:\/\/butunbilisim.com\/wp-content\/uploads\/2021\/05\/4.jpg\" alt=\"\" \/><\/figure>\n<p><strong><strong><\/strong><\/strong><\/p>\n<figure><img decoding=\"async\" style=\"width: 841px; height: auto;\" src=\"https:\/\/butunbilisim.com\/wp-content\/uploads\/2023\/12\/1.jpg\" alt=\"\" \/><\/figure>\n<p><strong><\/strong><\/p>","protected":false},"excerpt":{"rendered":"<p>B\u00fct\u00fcn Bili\u015fim Teknolojileri, g\u00fcn\u00fcm\u00fcz teknolojisi ile uyumlu kendisini s\u00fcrekli yenileyerek m\u00fc\u015fterilerine en g\u00fcncel yaz\u0131l\u0131m ve donan\u0131m bilgisi sunarak, m\u00fc\u015fteri memnuniyetini ve g\u00fcvenini sa\u011flamak i\u00e7in \u00e7al\u0131\u015fmalara devam etmektedir. Ba\u015far\u0131m\u0131z\u0131n s\u0131rr\u0131 referanslar\u0131m\u0131zd\u0131r. T\u00fcm hizmetlerinin tasar\u0131m a\u015famas\u0131nda ve tasar\u0131m\u0131ndan sonraki t\u00fcm sorumluluklar\u0131n\u0131 i\u00e7eren s\u00f6zle\u015fmesini m\u00fc\u015fterisi ile kar\u015f\u0131l\u0131kl\u0131 imzalayarak ileride olu\u015fabilecek t\u00fcm ihtilaf ve anla\u015fmazl\u0131klar\u0131 \u00f6nleyerek m\u00fc\u015fterinin alaca\u011f\u0131 hizmetten [&hellip;]<\/p>\n","protected":false},"author":1,"featured_media":0,"parent":0,"menu_order":0,"comment_status":"closed","ping_status":"closed","template":"","meta":{"saved_in_kubio":false,"footnotes":""},"class_list":["post-924","page","type-page","status-publish","hentry"],"kubio_ai_page_context":{"short_desc":"","purpose":"general"},"_links":{"self":[{"href":"https:\/\/butunbilisim.com\/index.php?rest_route=\/wp\/v2\/pages\/924","targetHints":{"allow":["GET"]}}],"collection":[{"href":"https:\/\/butunbilisim.com\/index.php?rest_route=\/wp\/v2\/pages"}],"about":[{"href":"https:\/\/butunbilisim.com\/index.php?rest_route=\/wp\/v2\/types\/page"}],"author":[{"embeddable":true,"href":"https:\/\/butunbilisim.com\/index.php?rest_route=\/wp\/v2\/users\/1"}],"replies":[{"embeddable":true,"href":"https:\/\/butunbilisim.com\/index.php?rest_route=%2Fwp%2Fv2%2Fcomments&post=924"}],"version-history":[{"count":16,"href":"https:\/\/butunbilisim.com\/index.php?rest_route=\/wp\/v2\/pages\/924\/revisions"}],"predecessor-version":[{"id":998,"href":"https:\/\/butunbilisim.com\/index.php?rest_route=\/wp\/v2\/pages\/924\/revisions\/998"}],"wp:attachment":[{"href":"https:\/\/butunbilisim.com\/index.php?rest_route=%2Fwp%2Fv2%2Fmedia&parent=924"}],"curies":[{"name":"wp","href":"https:\/\/api.w.org\/{rel}","templated":true}]}}